{"id":276,"date":"2025-02-10T20:31:08","date_gmt":"2025-02-10T23:31:08","guid":{"rendered":"http:\/\/acdigital.net.br\/?page_id=276"},"modified":"2025-09-25T11:10:31","modified_gmt":"2025-09-25T14:10:31","slug":"servico","status":"publish","type":"page","link":"https:\/\/acdigital.net.br\/?page_id=276","title":{"rendered":"Servi\u00e7o"},"content":{"rendered":"\t\t<div data-elementor-type=\"wp-page\" data-elementor-id=\"276\" class=\"elementor elementor-276\" data-elementor-post-type=\"page\">\n\t\t\t\t<div class=\"elementor-element elementor-element-8fb7234 e-flex e-con-boxed e-con e-parent\" data-id=\"8fb7234\" data-element_type=\"container\" data-e-type=\"container\">\n\t\t\t\t\t<div class=\"e-con-inner\">\n\t\t\t\t<div class=\"elementor-element elementor-element-a0573b7 elementor-widget elementor-widget-jkit_animated_text\" data-id=\"a0573b7\" data-element_type=\"widget\" data-e-type=\"widget\" data-widget_type=\"jkit_animated_text.default\">\n\t\t\t\t<div class=\"elementor-widget-container\">\n\t\t\t\t\t<div  class=\"jeg-elementor-kit jkit-animated-text jeg_module___69dc774a881a2\"  data-style=\"highlighted\" data-text=\"Site Precisa\" data-shape=\"underline-zigzag\"><p class=\"animated-text\"><span class=\"normal-text style-color\">Tudo que o seu  <\/span><span class=\"dynamic-wrapper style-gradient\"><span class=\"dynamic-text\">Site Precisa<\/span><svg xmlns=\"http:\/\/www.w3.org\/2000\/svg\" viewBox=\"0 0 500 150\" preserveAspectRatio=\"none\"><path class=\"style-color\"  d=\"M9.5,52.5s361-31,478,0\" transform=\"translate(-9.11 -34.22)\"\/><path class=\"style-color\"  d=\"M484.5,55.5s-386-2-432,15c0,0,317-12,358,5,0,0-177-4-227,11\" transform=\"translate(-9.11 -34.22)\"\/><\/svg><\/span><span class=\"normal-text style-color\">  em um s\u00f3 lugar<\/span><\/p><\/div>\t\t\t\t<\/div>\n\t\t\t\t<\/div>\n\t\t\t\t\t<\/div>\n\t\t\t\t<\/div>\n\t\t<div class=\"elementor-element elementor-element-6173ce3 e-flex e-con-boxed e-con e-parent\" data-id=\"6173ce3\" data-element_type=\"container\" data-e-type=\"container\">\n\t\t\t\t\t<div class=\"e-con-inner\">\n\t\t<div class=\"elementor-element elementor-element-9e3c68e e-con-full e-flex e-con e-child\" data-id=\"9e3c68e\" data-element_type=\"container\" data-e-type=\"container\">\n\t\t\t\t<div class=\"elementor-element elementor-element-3e8fd05 elementor-widget elementor-widget-image\" data-id=\"3e8fd05\" data-element_type=\"widget\" data-e-type=\"widget\" data-widget_type=\"image.default\">\n\t\t\t\t<div class=\"elementor-widget-container\">\n\t\t\t\t\t\t\t\t\t\t\t\t\t\t\t<img fetchpriority=\"high\" decoding=\"async\" width=\"1198\" height=\"304\" src=\"https:\/\/acdigital.net.br\/wp-content\/uploads\/2025\/02\/Trensforme-digi.webp\" class=\"attachment-full size-full wp-image-167\" alt=\"\" srcset=\"https:\/\/acdigital.net.br\/wp-content\/uploads\/2025\/02\/Trensforme-digi.webp 1198w, https:\/\/acdigital.net.br\/wp-content\/uploads\/2025\/02\/Trensforme-digi-300x76.webp 300w, https:\/\/acdigital.net.br\/wp-content\/uploads\/2025\/02\/Trensforme-digi-1024x260.webp 1024w, https:\/\/acdigital.net.br\/wp-content\/uploads\/2025\/02\/Trensforme-digi-768x195.webp 768w\" sizes=\"(max-width: 1198px) 100vw, 1198px\" \/>\t\t\t\t\t\t\t\t\t\t\t\t\t\t\t<\/div>\n\t\t\t\t<\/div>\n\t\t\t\t<\/div>\n\t\t\t\t\t<\/div>\n\t\t\t\t<\/div>\n\t\t<div class=\"elementor-element elementor-element-4962230 e-grid e-con-boxed e-con e-parent\" data-id=\"4962230\" data-element_type=\"container\" data-e-type=\"container\">\n\t\t\t\t\t<div class=\"e-con-inner\">\n\t\t\t\t<div class=\"elementor-element elementor-element-2355059 elementor-widget elementor-widget-text-editor\" data-id=\"2355059\" data-element_type=\"widget\" data-e-type=\"widget\" data-widget_type=\"text-editor.default\">\n\t\t\t\t<div class=\"elementor-widget-container\">\n\t\t\t\t\t\t\t\t\t<div class=\"fl-module fl-module-pp-infobox fl-node-6140fc5d50371\" data-node=\"6140fc5d50371\"><p>\u00a0 \u00a0 \u00a0 \u00a0 \u00a0 \u00a0 \u00a0 \u00a0 \u00a0 <img decoding=\"async\" class=\"fl-photo-img wp-image-44571 size-full\" title=\"ico-azul-04\" src=\"https:\/\/www.hostnet.com.br\/wp-content\/uploads\/2021\/10\/ico-azul-04.png\" alt=\"ico-azul-04\" width=\"115\" height=\"100\" \/><\/p><\/div><div class=\"fl-col-group fl-node-614118f65d83e fl-col-group-nested fl-col-group-equal-height fl-col-group-align-top fl-col-group-align-center\" data-node=\"614118f65d83e\"><div class=\"fl-col fl-node-614118f65d841 fl-col-bg-color fl-col-small\" data-node=\"614118f65d841\"><div class=\"fl-col-content fl-node-content\"><div class=\"fl-module fl-module-uabb-heading fl-node-6141198f80f19\" data-node=\"6141198f80f19\"><div class=\"fl-module-content fl-node-content\"><div class=\"uabb-module-content uabb-heading-wrapper uabb-heading-align-center \"><h5 class=\"uabb-heading\"><span class=\"uabb-heading-text\">DOM\u00cdNIO DA SUA MARCA<\/span><\/h5><div class=\"uabb-subheading uabb-text-editor\"><p>Garanta o seu nome na Internet e tenha um endere\u00e7o personalizado e exclusivo: www.suaempresa.com.br<\/p><p>\u00a0<\/p><\/div><\/div><\/div><\/div><\/div><\/div><div class=\"fl-col fl-node-614118f65d840 fl-col-bg-color fl-col-small\" data-node=\"614118f65d840\"><div class=\"fl-col-content fl-node-content\"><div class=\"fl-module fl-module-photo fl-node-614118f65d842\" data-node=\"614118f65d842\"><div class=\"fl-module-content fl-node-content\"><div class=\"fl-photo fl-photo-align-center\"><div class=\"fl-photo-content fl-photo-img-png\">\u00a0 \u00a0 \u00a0 \u00a0 \u00a0 \u00a0 \u00a0 \u00a0 \u00a0 \u00a0 <img decoding=\"async\" class=\"fl-photo-img wp-image-44576 size-full\" title=\"ico-azul-05\" src=\"https:\/\/www.hostnet.com.br\/wp-content\/uploads\/2021\/10\/ico-azul-05.png\" alt=\"ico-azul-05\" width=\"115\" height=\"100\" \/><\/div><\/div><\/div><\/div><div class=\"fl-module fl-module-uabb-heading fl-node-614118f65d846\" data-node=\"614118f65d846\"><div class=\"fl-module-content fl-node-content\"><div class=\"uabb-module-content uabb-heading-wrapper uabb-heading-align-center \"><h5 class=\"uabb-heading\"><span class=\"uabb-heading-text\">HOSPEDAGEM DE SITES<\/span><\/h5><div class=\"uabb-subheading uabb-text-editor\"><p>Ambiente profissional e seguro para armazenar os dados do seu site com suporte 24h, backup, Certificado Digital SSL e CDN.<\/p><\/div><\/div><\/div><\/div><\/div><\/div><\/div>\t\t\t\t\t\t\t\t<\/div>\n\t\t\t\t<\/div>\n\t\t\t\t<div class=\"elementor-element elementor-element-1130166 elementor-widget elementor-widget-text-editor\" data-id=\"1130166\" data-element_type=\"widget\" data-e-type=\"widget\" data-widget_type=\"text-editor.default\">\n\t\t\t\t<div class=\"elementor-widget-container\">\n\t\t\t\t\t\t\t\t\t<div class=\"fl-col-group fl-node-614118f65d83e fl-col-group-nested fl-col-group-equal-height fl-col-group-align-top fl-col-group-align-center\" data-node=\"614118f65d83e\">\n<div class=\"fl-col fl-node-614118f65d849 fl-col-bg-color fl-col-small\" data-node=\"614118f65d849\">\n<div class=\"fl-col-content fl-node-content\">\n<div class=\"fl-module fl-module-uabb-heading fl-node-6141195daaed1\" data-node=\"6141195daaed1\">\n<div class=\"fl-module-content fl-node-content\">\n<div class=\"uabb-module-content uabb-heading-wrapper uabb-heading-align-center \">\n<div class=\"uabb-subheading uabb-text-editor\">\u00a0 \u00a0 \u00a0 \u00a0 \u00a0 \u00a0 \u00a0 \u00a0 \u00a0 \u00a0 \u00a0 \u00a0<img loading=\"lazy\" decoding=\"async\" class=\"fl-photo-img wp-image-44574 size-full\" title=\"ico-azul-08\" src=\"https:\/\/www.hostnet.com.br\/wp-content\/uploads\/2021\/10\/ico-azul-08.png\" alt=\"ico-azul-08\" width=\"115\" height=\"100\" \/><\/div>\n<\/div>\n<\/div>\n<\/div>\n<\/div>\n<\/div>\n<\/div>\n<div class=\"fl-col-group fl-node-614119fb182ee fl-col-group-nested fl-col-group-equal-height fl-col-group-align-center\" data-node=\"614119fb182ee\">\n<div class=\"fl-col fl-node-614118f65d848 fl-col-bg-color fl-col-small\" data-node=\"614118f65d848\">\n<div class=\"fl-col-content fl-node-content\">\n<div class=\"fl-module fl-module-uabb-heading fl-node-614119b09a966\" data-node=\"614119b09a966\">\n<div class=\"fl-module-content fl-node-content\">\n<div class=\"uabb-module-content uabb-heading-wrapper uabb-heading-align-center \">\n<h5 class=\"uabb-heading\"><span class=\"uabb-heading-text\">E-MAIL PROFISSIONAL<\/span><\/h5>\n<div class=\"uabb-subheading uabb-text-editor\">\n<p>Endere\u00e7os de e-mail personalizado\u00a0voce@suaempresa.com\u00a0para quem deseja se comunicar para fazer neg\u00f3cios.<\/p>\n<p>\u00a0<\/p>\n<\/div>\n<\/div>\n<\/div>\n<\/div>\n<\/div>\n<\/div>\n<div class=\"fl-col fl-node-614119eac408a fl-col-bg-color fl-col-small\" data-node=\"614119eac408a\">\n<div class=\"fl-col-content fl-node-content\">\n<div class=\"fl-module fl-module-photo fl-node-614119eac41c0\" data-node=\"614119eac41c0\">\n<div class=\"fl-module-content fl-node-content\">\n<div class=\"fl-photo fl-photo-align-center\">\n<div class=\"fl-photo-content fl-photo-img-png\">\u00a0 \u00a0 \u00a0 \u00a0 \u00a0 \u00a0 \u00a0 \u00a0 \u00a0 \u00a0 \u00a0 \u00a0 <img loading=\"lazy\" decoding=\"async\" class=\"fl-photo-img wp-image-44573 size-full\" title=\"ico-azul-09\" src=\"https:\/\/www.hostnet.com.br\/wp-content\/uploads\/2021\/10\/ico-azul-09.png\" alt=\"ico-azul-09\" width=\"115\" height=\"100\" \/><\/div>\n<div>\n<h5 class=\"uabb-heading\"><span class=\"uabb-heading-text\">MANUTEN\u00c7\u00c3O DO SITE<\/span><\/h5>\n<div class=\"uabb-subheading uabb-text-editor\">\n<p>Vamos manter os sistemas do seu site atualizados e livres de amea\u00e7as. Voc\u00ea pode acrescentar ou alterar o conte\u00fado quando precisar.<\/p>\n<\/div>\n<\/div>\n<\/div>\n<\/div>\n<\/div>\n<div class=\"fl-module fl-module-uabb-heading fl-node-614119eac41c2\" data-node=\"614119eac41c2\">\n<div class=\"fl-module-content fl-node-content\">\n<div class=\"uabb-module-content uabb-heading-wrapper uabb-heading-align-center \">\u00a0<\/div>\n<\/div>\n<\/div>\n<\/div>\n<\/div>\n<div class=\"fl-col fl-node-61411a00d0fff fl-col-bg-color fl-col-small\" data-node=\"61411a00d0fff\">\n<div class=\"fl-col-content fl-node-content\">\n<div class=\"fl-module fl-module-uabb-heading fl-node-61411a00d1140\" data-node=\"61411a00d1140\">\n<div class=\"fl-module-content fl-node-content\">\n<div class=\"uabb-module-content uabb-heading-wrapper uabb-heading-align-center \">\n<div class=\"uabb-subheading uabb-text-editor\">\u00a0<\/div>\n<\/div>\n<\/div>\n<\/div>\n<\/div>\n<\/div>\n<\/div>\t\t\t\t\t\t\t\t<\/div>\n\t\t\t\t<\/div>\n\t\t\t\t<div class=\"elementor-element elementor-element-0cc1152 elementor-widget elementor-widget-text-editor\" data-id=\"0cc1152\" data-element_type=\"widget\" data-e-type=\"widget\" data-widget_type=\"text-editor.default\">\n\t\t\t\t<div class=\"elementor-widget-container\">\n\t\t\t\t\t\t\t\t\t<div class=\"fl-col fl-node-614119eac408a fl-col-bg-color fl-col-small\" data-node=\"614119eac408a\">\n<div class=\"fl-col-content fl-node-content\">\n<div class=\"fl-module fl-module-uabb-heading fl-node-614119eac41c2\" data-node=\"614119eac41c2\">\n<div class=\"fl-module-content fl-node-content\">\n<div class=\"uabb-module-content uabb-heading-wrapper uabb-heading-align-center \">\n<div class=\"uabb-subheading uabb-text-editor\">\n<div class=\"fl-module fl-module-photo fl-node-614118f65d84d\" data-node=\"614118f65d84d\">\n<div class=\"fl-module-content fl-node-content\">\n<div class=\"fl-photo fl-photo-align-center\">\n<div class=\"fl-photo-content fl-photo-img-png\">\u00a0 \u00a0 \u00a0 \u00a0 \u00a0 \u00a0 \u00a0 \u00a0 \u00a0 \u00a0 \u00a0 \u00a0 \u00a0 <img loading=\"lazy\" decoding=\"async\" class=\"fl-photo-img wp-image-44575 size-full\" title=\"ico-azul-07\" src=\"https:\/\/www.hostnet.com.br\/wp-content\/uploads\/2021\/10\/ico-azul-07.png\" alt=\"ico-azul-07\" width=\"115\" height=\"100\" \/><\/div>\n<div>\n<h5 class=\"uabb-heading\"><span class=\"uabb-heading-text\">CRIA\u00c7\u00c3O DE SITES<\/span><\/h5>\n<\/div>\n<\/div>\n<\/div>\n<\/div>\n<div class=\"fl-module fl-module-uabb-heading fl-node-6141195daaed1\" data-node=\"6141195daaed1\">\n<div class=\"fl-module-content fl-node-content\">\n<div class=\"uabb-module-content uabb-heading-wrapper uabb-heading-align-center \">N\u00f3s temos varios modelos de site para voc\u00ea adaptar ao seu neg\u00f3cio, com visual profissional e tecnologias avan\u00e7adas para gerar resultados.<\/div>\n<div>\u00a0<\/div>\n<\/div>\n<\/div>\n<\/div>\n<div>\u00a0<\/div>\n<div class=\"uabb-subheading uabb-text-editor\">\n<p>\u00a0 \u00a0 \u00a0 \u00a0 \u00a0 \u00a0 \u00a0 \u00a0 \u00a0 \u00a0 \u00a0 \u00a0<img loading=\"lazy\" decoding=\"async\" class=\"fl-photo-img wp-image-44572 size-full\" title=\"ico-azul-10\" src=\"https:\/\/www.hostnet.com.br\/wp-content\/uploads\/2021\/10\/ico-azul-10.png\" alt=\"ico-azul-10\" width=\"115\" height=\"100\" \/><\/p>\n<\/div>\n<\/div>\n<\/div>\n<\/div>\n<\/div>\n<\/div>\n<div class=\"fl-col fl-node-61411a00d0fff fl-col-bg-color fl-col-small\" data-node=\"61411a00d0fff\">\n<div class=\"fl-col-content fl-node-content\">\n<div class=\"fl-module fl-module-uabb-heading fl-node-61411a00d1140\" data-node=\"61411a00d1140\">\n<div class=\"fl-module-content fl-node-content\">\n<div class=\"uabb-module-content uabb-heading-wrapper uabb-heading-align-center \">\n<h5 class=\"uabb-heading\"><span class=\"uabb-heading-text\">SEGURAN\u00c7A<\/span><\/h5>\n<div class=\"uabb-subheading uabb-text-editor\">\n<p>Endere\u00e7o do site com HTTPS e cadeado ao lado para maior seguran\u00e7a e melhor resultado nas buscas do Google.<\/p>\n<\/div>\n<\/div>\n<\/div>\n<\/div>\n<\/div>\n<\/div>\t\t\t\t\t\t\t\t<\/div>\n\t\t\t\t<\/div>\n\t\t\t\t\t<\/div>\n\t\t\t\t<\/div>\n\t\t<div class=\"elementor-element elementor-element-cf616d2 e-con-full e-flex e-con e-parent\" data-id=\"cf616d2\" data-element_type=\"container\" data-e-type=\"container\">\n\t\t\t\t<div class=\"elementor-element elementor-element-7ef13f4 jkit-equal-height-disable elementor-widget elementor-widget-jkit_icon_box\" data-id=\"7ef13f4\" data-element_type=\"widget\" data-e-type=\"widget\" data-widget_type=\"jkit_icon_box.default\">\n\t\t\t\t<div class=\"elementor-widget-container\">\n\t\t\t\t\t<div  class=\"jeg-elementor-kit jkit-icon-box icon-position- elementor-animation- jeg_module__1_69dc774a8f078\" ><div class=\"jkit-icon-box-wrapper hover-from-left\"><div class=\"icon-box icon-box-header elementor-animation-\"><div class=\"icon style-color\"><i aria-hidden=\"true\" class=\"jki jki-social-care-light\"><\/i><\/div><\/div><div class=\"icon-box icon-box-body\">\n                <p class=\"icon-box-description\">SEU SITE INTEGRADO COM AS REDES SOCIAIS<\/p><div class=\"icon-box-button \">\n                <div class=\"btn-wrapper icon-position-before\">\n                    <a href=\"https:\/\/demo.acdigital.net.br\/\" class=\"icon-box-link\" aria-label=\"Veja nosso portif\u00f3lio\"><svg viewBox=\"0 0 576 512\" xmlns=\"http:\/\/www.w3.org\/2000\/svg\"><path d=\"M572.52 241.4C518.29 135.59 410.93 64 288 64S57.68 135.64 3.48 241.41a32.35 32.35 0 0 0 0 29.19C57.71 376.41 165.07 448 288 448s230.32-71.64 284.52-177.41a32.35 32.35 0 0 0 0-29.19zM288 400a144 144 0 1 1 144-144 143.93 143.93 0 0 1-144 144zm0-240a95.31 95.31 0 0 0-25.31 3.79 47.85 47.85 0 0 1-66.9 66.9A95.78 95.78 0 1 0 288 160z\"><\/path><\/svg>Veja nosso portif\u00f3lio<\/a>\n                <\/div>\n            <\/div>\n            <\/div>\n            <div class=\"icon-box-badge centerleft\">\n                <span class=\"badge-text\">BADGE<\/span>\n            <\/div>\n            <div class=hover-watermark>\n                <svg aria-hidden=\"true\" class=\"e-font-icon-svg e-far-money-bill-alt\" viewBox=\"0 0 640 512\" xmlns=\"http:\/\/www.w3.org\/2000\/svg\"><path d=\"M320 144c-53.02 0-96 50.14-96 112 0 61.85 42.98 112 96 112 53 0 96-50.13 96-112 0-61.86-42.98-112-96-112zm40 168c0 4.42-3.58 8-8 8h-64c-4.42 0-8-3.58-8-8v-16c0-4.42 3.58-8 8-8h16v-55.44l-.47.31a7.992 7.992 0 0 1-11.09-2.22l-8.88-13.31a7.992 7.992 0 0 1 2.22-11.09l15.33-10.22a23.99 23.99 0 0 1 13.31-4.03H328c4.42 0 8 3.58 8 8v88h16c4.42 0 8 3.58 8 8v16zM608 64H32C14.33 64 0 78.33 0 96v320c0 17.67 14.33 32 32 32h576c17.67 0 32-14.33 32-32V96c0-17.67-14.33-32-32-32zm-16 272c-35.35 0-64 28.65-64 64H112c0-35.35-28.65-64-64-64V176c35.35 0 64-28.65 64-64h416c0 35.35 28.65 64 64 64v160z\"><\/path><\/svg>\n            <\/div><\/div><\/div>\t\t\t\t<\/div>\n\t\t\t\t<\/div>\n\t\t\t\t<\/div>\n\t\t<div class=\"elementor-element elementor-element-649ad16 e-flex e-con-boxed e-con e-parent\" data-id=\"649ad16\" data-element_type=\"container\" data-e-type=\"container\">\n\t\t\t\t\t<div class=\"e-con-inner\">\n\t\t<div class=\"elementor-element elementor-element-ad2da80 e-con-full e-flex e-con e-child\" data-id=\"ad2da80\" data-element_type=\"container\" data-e-type=\"container\">\n\t\t\t\t<div class=\"elementor-element elementor-element-82d3c4f jkit-equal-height-disable elementor-widget elementor-widget-jkit_icon_box\" data-id=\"82d3c4f\" data-element_type=\"widget\" data-e-type=\"widget\" data-widget_type=\"jkit_icon_box.default\">\n\t\t\t\t<div class=\"elementor-widget-container\">\n\t\t\t\t\t<div  class=\"jeg-elementor-kit jkit-icon-box icon-position- elementor-animation- jeg_module__2_69dc774a90c57\" ><div class=\"jkit-icon-box-wrapper hover-from-left\"><div class=\"icon-box icon-box-header elementor-animation-\"><div class=\"icon style-color\"><i aria-hidden=\"true\" class=\"jki jki-instagram-1-light\"><\/i><\/div><\/div><div class=\"icon-box icon-box-body\">\n                <h2 class=\"title\">Instagran<\/h2><p class=\"icon-box-description\">Seu site com funcionalidades oferecidas pelo Instagram<\/p>\n            <\/div>\n            \n            <\/div><\/div>\t\t\t\t<\/div>\n\t\t\t\t<\/div>\n\t\t\t\t<\/div>\n\t\t<div class=\"elementor-element elementor-element-3326882 e-con-full e-flex e-con e-child\" data-id=\"3326882\" data-element_type=\"container\" data-e-type=\"container\">\n\t\t\t\t<div class=\"elementor-element elementor-element-5e39740 jkit-equal-height-disable elementor-widget elementor-widget-jkit_icon_box\" data-id=\"5e39740\" data-element_type=\"widget\" data-e-type=\"widget\" data-widget_type=\"jkit_icon_box.default\">\n\t\t\t\t<div class=\"elementor-widget-container\">\n\t\t\t\t\t<div  class=\"jeg-elementor-kit jkit-icon-box icon-position- elementor-animation- jeg_module__3_69dc774a91b30\" ><div class=\"jkit-icon-box-wrapper hover-from-left\"><div class=\"icon-box icon-box-header elementor-animation-\"><div class=\"icon style-color\"><i aria-hidden=\"true\" class=\"jki jki-facebook-2-light\"><\/i><\/div><\/div><div class=\"icon-box icon-box-body\">\n                <h2 class=\"title\">Facebook<\/h2><p class=\"icon-box-description\">Seu site com funcionalidades oferecidas pelo Facebook<\/p>\n            <\/div>\n            \n            <\/div><\/div>\t\t\t\t<\/div>\n\t\t\t\t<\/div>\n\t\t\t\t<\/div>\n\t\t<div class=\"elementor-element elementor-element-e704193 e-con-full e-flex e-con e-child\" data-id=\"e704193\" data-element_type=\"container\" data-e-type=\"container\">\n\t\t\t\t<div class=\"elementor-element elementor-element-00a1818 jkit-equal-height-disable elementor-widget elementor-widget-jkit_icon_box\" data-id=\"00a1818\" data-element_type=\"widget\" data-e-type=\"widget\" data-widget_type=\"jkit_icon_box.default\">\n\t\t\t\t<div class=\"elementor-widget-container\">\n\t\t\t\t\t<div  class=\"jeg-elementor-kit jkit-icon-box icon-position- elementor-animation- jeg_module__4_69dc774a92a0a\" ><div class=\"jkit-icon-box-wrapper hover-from-left\"><div class=\"icon-box icon-box-header elementor-animation-\"><div class=\"icon style-gradient\"><i aria-hidden=\"true\" class=\"jki jki-whatsapp-2-light\"><\/i><\/div><\/div><div class=\"icon-box icon-box-body\">\n                <h2 class=\"title\">Whatsapp<\/h2><p class=\"icon-box-description\">Seu site com bot\u00e3o do WhatsApp para receber mensagens diretas<\/p>\n            <\/div>\n            \n            <\/div><\/div>\t\t\t\t<\/div>\n\t\t\t\t<\/div>\n\t\t\t\t<\/div>\n\t\t\t\t\t<\/div>\n\t\t\t\t<\/div>\n\t\t\t\t<\/div>\n\t\t","protected":false},"excerpt":{"rendered":"<p>Tudo que o seu Site Precisa em um s\u00f3 lugar \u00a0 \u00a0 \u00a0 \u00a0 \u00a0 \u00a0 \u00a0 \u00a0 \u00a0 DOM\u00cdNIO DA SUA MARCA Garanta o seu nome na Internet e tenha um endere\u00e7o personalizado e exclusivo: www.suaempresa.com.br \u00a0 \u00a0 \u00a0 \u00a0 \u00a0 \u00a0 \u00a0 \u00a0 \u00a0 \u00a0 \u00a0 HOSPEDAGEM DE SITES Ambiente profissional e seguro [&hellip;]<\/p>\n","protected":false},"author":1,"featured_media":0,"parent":0,"menu_order":0,"comment_status":"closed","ping_status":"closed","template":"","meta":{"footnotes":""},"class_list":["post-276","page","type-page","status-publish","hentry"],"_links":{"self":[{"href":"https:\/\/acdigital.net.br\/index.php?rest_route=\/wp\/v2\/pages\/276","targetHints":{"allow":["GET"]}}],"collection":[{"href":"https:\/\/acdigital.net.br\/index.php?rest_route=\/wp\/v2\/pages"}],"about":[{"href":"https:\/\/acdigital.net.br\/index.php?rest_route=\/wp\/v2\/types\/page"}],"author":[{"embeddable":true,"href":"https:\/\/acdigital.net.br\/index.php?rest_route=\/wp\/v2\/users\/1"}],"replies":[{"embeddable":true,"href":"https:\/\/acdigital.net.br\/index.php?rest_route=%2Fwp%2Fv2%2Fcomments&post=276"}],"version-history":[{"count":3,"href":"https:\/\/acdigital.net.br\/index.php?rest_route=\/wp\/v2\/pages\/276\/revisions"}],"predecessor-version":[{"id":509,"href":"https:\/\/acdigital.net.br\/index.php?rest_route=\/wp\/v2\/pages\/276\/revisions\/509"}],"wp:attachment":[{"href":"https:\/\/acdigital.net.br\/index.php?rest_route=%2Fwp%2Fv2%2Fmedia&parent=276"}],"curies":[{"name":"wp","href":"https:\/\/api.w.org\/{rel}","templated":true}]}}